{"id":9,"date":"2017-07-24T09:08:27","date_gmt":"2017-07-24T12:08:27","guid":{"rendered":"http:\/\/www.encontrabauru.com.br\/sobre\/?page_id=9"},"modified":"2026-02-06T13:38:10","modified_gmt":"2026-02-06T16:38:10","slug":"sobre-bauru","status":"publish","type":"page","link":"https:\/\/www.encontrabauru.com.br\/sobre\/","title":{"rendered":"Sobre Bauru"},"content":{"rendered":"<div class=\"afac9f3eb9e49d7fc4d46fa627f8b2d3\" data-index=\"1\" style=\"float: none; margin:0px;\">\n<!-- Anuncio display - global -->\r\n<ins class=\"adsbygoogle\"\r\n     style=\"display:block\"\r\n     data-ad-client=\"ca-pub-8585364105181520\"\r\n     data-ad-slot=\"8789329856\"\r\n     data-ad-format=\"auto\"\r\n     data-full-width-responsive=\"true\"><\/ins>\r\n<script>\r\n     (adsbygoogle = window.adsbygoogle || []).push({});\r\n<\/script>\n<\/div>\n<h2>Cidades de S\u00e3o Paulo: Limites &#8211; Cidades Vizinhas<\/h2>\n<p>Arealva, Regin\u00f3polis, Piratininga, Agudos, Pederneiras e Ava\u00ed<\/p>\n<h3>Dados Principais sobre a Cidade de Bauru<\/h3>\n<p><strong>Anivers\u00e1rio<\/strong>:\u00a026 de mar\u00e7o<br \/>\n<strong>Funda\u00e7\u00e3o<\/strong> :\u00a01949<br \/>\n<strong>Gent\u00edlico<\/strong>:\u00a0Bauruense<br \/>\n<strong>Area<\/strong>:\u00a064,167 Km\u00b2<br \/>\n<strong>Popula\u00e7\u00e3o\u00a0<\/strong>274.201 hab. (2008)<br \/>\n<strong>IDH\u00a0<\/strong>0,826- elevado<br \/>\n<a href=\"https:\/\/bauru.prefeituras.org\/\" target=\"_blank\" rel=\"noopener\"><strong>Prefeitura\u00a0<\/strong>Bauru<\/a><\/p>\n<div id=\"attachment_11\" style=\"width: 114px\" class=\"wp-caption alignnone\"><img loading=\"lazy\" decoding=\"async\" aria-describedby=\"caption-attachment-11\" class=\"wp-image-11 size-full\" src=\"https:\/\/www.encontrabauru.com.br\/sobre\/wp-content\/uploads\/2017\/07\/brasao-bauru.jpg\" alt=\"Bras\u00e3o de Bauru\" width=\"104\" height=\"119\" \/><p id=\"caption-attachment-11\" class=\"wp-caption-text\">Bras\u00e3o de Bauru<\/p><\/div>\n<div id=\"attachment_12\" style=\"width: 155px\" class=\"wp-caption alignnone\"><img loading=\"lazy\" decoding=\"async\" aria-describedby=\"caption-attachment-12\" class=\"size-full wp-image-12\" src=\"https:\/\/www.encontrabauru.com.br\/sobre\/wp-content\/uploads\/2017\/07\/bandeira-de-bauru.jpg\" alt=\"Bandeira de Bauru\" width=\"145\" height=\"93\" \/><p id=\"caption-attachment-12\" class=\"wp-caption-text\">Bandeira de Bauru<\/p><\/div>\n<h2>Hist\u00f3ria de Bauru<\/h2>\n<p><img decoding=\"async\" class=\"alignnone size-full wp-image-10\" src=\"https:\/\/www.encontrabauru.com.br\/sobre\/wp-content\/uploads\/2017\/07\/cidade-de-bauru.jpg\" alt=\"Cidade de Bauru\" width=\"100%\" srcset=\"https:\/\/www.encontrabauru.com.br\/sobre\/wp-content\/uploads\/2017\/07\/cidade-de-bauru.jpg 565w, https:\/\/www.encontrabauru.com.br\/sobre\/wp-content\/uploads\/2017\/07\/cidade-de-bauru-300x105.jpg 300w\" sizes=\"(max-width: 565px) 100vw, 565px\" \/><\/p>\n<p><strong>Bauru\u00a0<\/strong>\u00e9 um munic\u00edpio brasileiro no interior do estado de S\u00e3o Paulo. O munic\u00edpio tem elevado \u00cdndice de Desenvolvimento Humano (IDH-M), classificado em 0,825 pontos, com destaque para o IDH-Educa\u00e7\u00e3o (IDH-E), que atinge 0,906 pontos, um dos \u00edndices mais altos do Brasil.<\/p>\n<p>Fundada em 1896, a uma altitude m\u00e9dia de 526 m e m\u00e1xima de 615 m, a cidade \u00e9 centro de um territ\u00f3rio de 673,5 km\u00b2, onde vivem 344 039 habitantes (2010). O lema do munic\u00edpio, presente em seu bras\u00e3o \u00e9 a frase em latim Custos Vigilat, que em portugu\u00eas significa &#8220;Sentinela Alerta&#8221;. No mesmo bras\u00e3o aparece uma on\u00e7a pintada, mam\u00edfero de porte m\u00e9dio que habitou a regi\u00e3o mas que, no in\u00edcio do s\u00e9culo XXI, localmente, \u00e9 raro ser encontrado.<\/p>\n<p><a title=\"Bauru\" href=\"https:\/\/www.encontrabauru.com.br\/\" target=\"_blank\" rel=\"noopener noreferrer\">Bauru<\/a>\u00a0tamb\u00e9m \u00e9 conhecida por um sandu\u00edche que leva o mesmo nome, Bauru, criado pelo advogado bauruense Casimiro Pinto Neto em um bar no Largo do Paissandu, S\u00e3o Paulo, Ponto Chic, em 1934, quando era aluno da Faculdade de Direito da Universidade de S\u00e3o Paulo, e mais tarde impulsionado pelo &#8220;Z\u00e9 do Esquin\u00e3o&#8221;, durante d\u00e9cadas instalado no centro urbano de Bauru. A receita do sandu\u00edche Bauru, como se elabora na cidade, \u00e9 originalmente a seguinte: p\u00e3o franc\u00eas, rosbife, fatias de tomate, rodelas finas de picles de pepino e queijo branco derretido na \u00e1gua.<\/p>\n<p>A presen\u00e7a de forte setor de servi\u00e7os, v\u00e1rios campi de universidades &#8211; como a Universidade de S\u00e3o Paulo (USP) e a Universidade Estadual Paulista (Unesp) -, e a localiza\u00e7\u00e3o da cidade no entroncamento de tr\u00eas ferrovias e tr\u00eas rodovias fazem de Bauru um dos principais p\u00f3los urbanos do Estado de S\u00e3o Paulo.<\/p>\n<h2>Economia<\/h2>\n<p>A relativa infertilidade de suas terras, e a facilidade de transporte provocada pelo entroncamento rodo-ferrovi\u00e1rio existente no munic\u00edpio levaram ao setor de servi\u00e7os e com\u00e9rcio a ser a principal atividade econ\u00f4mica do munic\u00edpio.<\/p>\n<p>A agricultura \u00e9 incipiente, baseando-se no cultivo do abacaxi e frutas tropicais. A pecu\u00e1ria sempre esteve presente no munic\u00edpio e a cana-de-a\u00e7\u00facar ganhou espa\u00e7o nos \u00faltimos anos, com a instala\u00e7\u00e3o de diversas usinas no interior paulista.<\/p>\n<p>O setor industrial \u00e9 representado por ind\u00fastrias de transforma\u00e7\u00e3o, metal-mec\u00e2nica e aliment\u00edcias. Nos setores gr\u00e1fico e aliment\u00edcio, Bauru possui empresas l\u00edderes nacionais de seus setores, com grande volume de exporta\u00e7\u00f5es e com\u00e9rcio interno.<\/p>\n<h2>Turismo<\/h2>\n<p>A\u00a0<a title=\"Cidade Bauru\" href=\"https:\/\/www.encontrabauru.com.br\/\" target=\"_blank\" rel=\"noopener noreferrer\">Cidade Bauru<\/a>\u00a0obtem sua voca\u00e7\u00e3o tur\u00edstica voltada ao turismo de neg\u00f3cios e ao turismo cient\u00edfico, segundo detec\u00e7\u00e3o do \u00f3rg\u00e3o tur\u00edstico local, ap\u00f3s alguns anos de estudos e pesquisas, com a orienta\u00e7\u00e3o do Sebrae.<\/p>\n<p>O turismo local \u00e9 potencialmente rico em todos os sentidos e, se levarmos em considera\u00e7\u00e3o a posi\u00e7\u00e3o geogr\u00e1fica do munic\u00edpio no estado Paulista, v\u00e1rias s\u00e3o as atra\u00e7\u00f5es rurais e urbanas em uma ampla e rica regi\u00e3o com op\u00e7\u00f5es do setor que se completam (a poucos quil\u00f4metros).<\/p>\n<p>Bauru oferece \u00f3timas redes, franquias, hot\u00e9is, restaurantes, museus, bares de qualidade, cinemas, shopping centers (Bauru Shopping Center, Shopping Autofest, Alameda Quality Center, Buriti Shopping &#8211; em Constru\u00e7\u00e3o, al\u00e9m do cal\u00e7ad\u00e3o com milhares de lojas, centro de compras na regi\u00e3o sul e central, um zool\u00f3gico de primeiro mundo, uma atividade cultural intensa com destaque ao Teatro Municipal, o Aeroclube, o novo Aeroporto Moussa Tobias na estrada que oferece seguran\u00e7a e embeleza o nosso c\u00e9u, nossas \u00f3timas casas noturnas com shows variados e para todos os gostos o ano todo.<\/p>\n<p>\u00c9 \u00f3timo planejar alguns dias no munic\u00edpio, em busca de aliar atividades urbanas com passeios pela \u00e1rea rural, passando pelo zool\u00f3gico, jardim bot\u00e2nico, museus, com\u00e9rcio, in\u00fameros pesqueiros com \u00f3tima infra-estrutura e muito mais.<br \/>\nCal\u00e7ad\u00e3o no centro da cidade.<\/p>\n<p>O turismo no setor cient\u00edfico \u00e9 exercido em alta escala em\u00a0<a title=\"Bauru\" href=\"https:\/\/www.encontrabauru.com.br\/\" target=\"_blank\" rel=\"noopener noreferrer\">Bauru<\/a>, em raz\u00e3o do munic\u00edpio abrigar escolas, universidades, institutos e hospitais com forte foco na pesquisa e atendimento de anomalias, tendo sido criado em decorr\u00eancia, verdadeiros centros cient\u00edficos de import\u00e2ncia internacional, tais como o &#8220;Centrinho&#8221;, que se dedica \u00e0 recupera\u00e7\u00e3o de portadores de anomalias cr\u00e2nio-faciais; o Hospital Lauro de Souza Lima, especializado em hansen\u00edase e, claro, o Instituto Brannemark, sede internacional presidida pelo famoso m\u00e9dico que descobriu e desenvolveu as modernas t\u00e9cnicas de osseointegra\u00e7\u00e3o; A cidade conta tamb\u00e9m com outros grandes hospitais como Hospital Estadual, Hospital de Base, Hospital Unimed, Hospital S\u00e3o Lucas, Hospital Prontocor, Hospital Benefic\u00eancia Portuguesa, sem contar as v\u00e1rias cl\u00ednicas que faz de Bauru uma refer\u00eancia internacional.<\/p>\n<p>Para homenagear a comunidade de moradores desta maravilhosa cidade, o\u00a0<a title=\"Encontra S\u00e3o Paulo\" href=\"https:\/\/www.encontrasaopaulo.com.br\/\" target=\"_blank\" rel=\"noopener noreferrer\">Encontra S\u00e3o Paulo<\/a>\u00a0criou o\u00a0<a title=\"Encontra Bauru\" href=\"https:\/\/www.encontrabauru.com.br\/\" target=\"_blank\" rel=\"noopener noreferrer\">Encontra Bauru<\/a>.<\/p>\n\n<div style=\"font-size: 0px; height: 0px; line-height: 0px; margin: 0; padding: 0; clear: both;\"><\/div>","protected":false},"excerpt":{"rendered":"<p>Cidades de S\u00e3o Paulo: Limites &#8211; Cidades Vizinhas Arealva, Regin\u00f3polis, Piratininga, Agudos, Pederneiras e Ava\u00ed Dados Principais sobre a Cidade de Bauru Anivers\u00e1rio:\u00a026 de mar\u00e7o Funda\u00e7\u00e3o :\u00a01949 Gent\u00edlico:\u00a0Bauruense Area:\u00a064,167 Km\u00b2 Popula\u00e7\u00e3o\u00a0274.201 hab. (2008) IDH\u00a00,826- elevado Prefeitura\u00a0Bauru Hist\u00f3ria de Bauru Bauru\u00a0\u00e9 um munic\u00edpio brasileiro no interior do estado de S\u00e3o Paulo. O munic\u00edpio tem elevado \u00cdndice de Desenvolvimento Humano (IDH-M), classificado em 0,825 pontos, com destaque para o IDH-Educa\u00e7\u00e3o (IDH-E), que atinge 0,906 pontos, um dos \u00edndices mais altos do Brasil. Fundada em 1896, a uma altitude m\u00e9dia de 526 m e m\u00e1xima de 615 m, a cidade \u00e9 centro de <\/p>\n","protected":false},"author":1,"featured_media":0,"parent":0,"menu_order":0,"comment_status":"closed","ping_status":"closed","template":"","meta":{"footnotes":""},"class_list":["post-9","page","type-page","status-publish","hentry"],"aioseo_notices":[],"_links":{"self":[{"href":"https:\/\/www.encontrabauru.com.br\/sobre\/wp-json\/wp\/v2\/pages\/9","targetHints":{"allow":["GET"]}}],"collection":[{"href":"https:\/\/www.encontrabauru.com.br\/sobre\/wp-json\/wp\/v2\/pages"}],"about":[{"href":"https:\/\/www.encontrabauru.com.br\/sobre\/wp-json\/wp\/v2\/types\/page"}],"author":[{"embeddable":true,"href":"https:\/\/www.encontrabauru.com.br\/sobre\/wp-json\/wp\/v2\/users\/1"}],"replies":[{"embeddable":true,"href":"https:\/\/www.encontrabauru.com.br\/sobre\/wp-json\/wp\/v2\/comments?post=9"}],"version-history":[{"count":0,"href":"https:\/\/www.encontrabauru.com.br\/sobre\/wp-json\/wp\/v2\/pages\/9\/revisions"}],"wp:attachment":[{"href":"https:\/\/www.encontrabauru.com.br\/sobre\/wp-json\/wp\/v2\/media?parent=9"}],"curies":[{"name":"wp","href":"https:\/\/api.w.org\/{rel}","templated":true}]}}